{"id":49,"date":"2018-02-28T21:44:24","date_gmt":"2018-02-28T21:44:24","guid":{"rendered":"http:\/\/bbbrentacar.com\/esp\/?page_id=49"},"modified":"2025-05-20T19:13:04","modified_gmt":"2025-05-20T19:13:04","slug":"rent-a-car","status":"publish","type":"page","link":"https:\/\/bbbrentacar.com\/esp\/rent-a-car\/","title":{"rendered":"Renta de autos para turistas"},"content":{"rendered":"<p>[et_pb_section fb_built=&#8221;1&#8243; fullwidth=&#8221;on&#8221; _builder_version=&#8221;4.16&#8243; background_color=&#8221;#ecf7f0&#8243; background_image=&#8221;https:\/\/bbbrentacar.com\/esp\/wp-content\/uploads\/2018\/04\/car-banner.jpg&#8221; border_color_all=&#8221;#d6d4cf&#8221; border_color_bottom=&#8221;#c2c4be&#8221; box_shadow_style=&#8221;preset1&#8243; box_shadow_vertical=&#8221;0px&#8221; box_shadow_blur=&#8221;8px&#8221; box_shadow_spread=&#8221;-1px&#8221; box_shadow_color=&#8221;#000000&#8243; global_colors_info=&#8221;{}&#8221;][et_pb_fullwidth_header title=&#8221;Autos&#8221; button_one_url=&#8221;https:\/\/bbbrentacar.com\/esp\/inventory\/?et_fb=1&#8243; button_two_url=&#8221;https:\/\/bbbrentacar.com\/esp\/inventory\/?et_fb=1&#8243; background_overlay_color=&#8221;rgba(255,252,252,0.5)&#8221; _builder_version=&#8221;4.16&#8243; title_font=&#8221;||||||||&#8221; background_color=&#8221;rgba(255, 255, 255, 0)&#8221; background_layout=&#8221;light&#8221; custom_margin=&#8221;|||&#8221; custom_padding=&#8221;37px||37px|&#8221; custom_padding_tablet=&#8221;30px||30px|&#8221; custom_padding_phone=&#8221;15px||15px|&#8221; custom_padding_last_edited=&#8221;on|phone&#8221; global_colors_info=&#8221;{}&#8221; button_one_text_size__hover_enabled=&#8221;off&#8221; button_two_text_size__hover_enabled=&#8221;off&#8221; button_one_text_color__hover_enabled=&#8221;off&#8221; button_two_text_color__hover_enabled=&#8221;off&#8221; button_one_border_width__hover_enabled=&#8221;off&#8221; button_two_border_width__hover_enabled=&#8221;off&#8221; button_one_border_color__hover_enabled=&#8221;off&#8221; button_two_border_color__hover_enabled=&#8221;off&#8221; button_one_border_radius__hover_enabled=&#8221;off&#8221; button_two_border_radius__hover_enabled=&#8221;off&#8221; button_one_letter_spacing__hover_enabled=&#8221;off&#8221; button_two_letter_spacing__hover_enabled=&#8221;off&#8221; button_one_bg_color__hover_enabled=&#8221;off&#8221; button_two_bg_color__hover_enabled=&#8221;off&#8221;][\/et_pb_fullwidth_header][\/et_pb_section][et_pb_section fb_built=&#8221;1&#8243; custom_padding_last_edited=&#8221;on|tablet&#8221; admin_label=&#8221;section&#8221; _builder_version=&#8221;4.16&#8243; custom_margin=&#8221;|||&#8221; custom_margin_tablet=&#8221;||-40px|&#8221; custom_margin_phone=&#8221;|||&#8221; custom_margin_last_edited=&#8221;on|phone&#8221; custom_padding=&#8221;13px|0px|24px|0px&#8221; custom_padding_tablet=&#8221;&#8221; custom_padding_phone=&#8221;&#8221; global_colors_info=&#8221;{}&#8221;][et_pb_row _builder_version=&#8221;4.27.4&#8243; _module_preset=&#8221;default&#8221;][et_pb_column _builder_version=&#8221;4.27.4&#8243; _module_preset=&#8221;default&#8221; type=&#8221;4_4&#8243;][et_pb_heading title=&#8221;Renta de autos para turistas&#8221; _builder_version=&#8221;4.27.4&#8243; _module_preset=&#8221;default&#8221; hover_enabled=&#8221;0&#8243; sticky_enabled=&#8221;0&#8243; title_text_align=&#8221;center&#8221;][\/et_pb_heading][\/et_pb_column][\/et_pb_row][et_pb_row admin_label=&#8221;row&#8221; _builder_version=&#8221;4.16&#8243; background_size=&#8221;initial&#8221; background_position=&#8221;top_left&#8221; background_repeat=&#8221;repeat&#8221; global_colors_info=&#8221;{}&#8221;][et_pb_column type=&#8221;4_4&#8243; _builder_version=&#8221;4.16&#8243; custom_padding=&#8221;|||&#8221; global_colors_info=&#8221;{}&#8221; custom_padding__hover=&#8221;|||&#8221;][et_pb_filterable_portfolio fullwidth=&#8221;off&#8221; posts_number=&#8221;12&#8243; include_categories=&#8221;24,25,26,27,30,31,56,29,32,33&#8243; show_categories=&#8221;off&#8221; zoom_icon_color=&#8221;#ffffff&#8221; hover_overlay_color=&#8221;rgba(77,75,78,0.69)&#8221; hover_icon=&#8221;&#xe054;||divi||400&#8243; _builder_version=&#8221;4.16&#8243; title_font=&#8221;Source Sans Pro||||||||&#8221; title_font_size=&#8221;19px&#8221; filter_font=&#8221;|700||on|||||&#8221; filter_font_size=&#8221;15px&#8221; global_colors_info=&#8221;{}&#8221;][\/et_pb_filterable_portfolio][\/et_pb_column][\/et_pb_row][\/et_pb_section][et_pb_section fb_built=&#8221;1&#8243; custom_padding_last_edited=&#8221;on|tablet&#8221; _builder_version=&#8221;4.16&#8243; custom_margin_tablet=&#8221;&#8221; custom_margin_phone=&#8221;&#8221; custom_margin_last_edited=&#8221;on|desktop&#8221; custom_padding=&#8221;0px|0px|49.625px|0px&#8221; custom_padding_tablet=&#8221;&#8221; custom_padding_phone=&#8221;&#8221; global_colors_info=&#8221;{}&#8221;][et_pb_row custom_padding_last_edited=&#8221;on|phone&#8221; _builder_version=&#8221;4.16&#8243; background_size=&#8221;initial&#8221; background_position=&#8221;top_left&#8221; background_repeat=&#8221;repeat&#8221; custom_padding=&#8221;|0px|0px|0px&#8221; custom_padding_tablet=&#8221;&#8221; custom_padding_phone=&#8221;&#8221; global_colors_info=&#8221;{}&#8221;][et_pb_column type=&#8221;4_4&#8243; _builder_version=&#8221;4.16&#8243; custom_padding=&#8221;|||&#8221; global_colors_info=&#8221;{}&#8221; custom_padding__hover=&#8221;|||&#8221;][et_pb_cta title=&#8221;\u00bfDeseas Alquilar un Coche en Baja?&#8221; button_url=&#8221;https:\/\/bbbrentacar.com\/esp\/contact-booking\/&#8221; button_text=&#8221;OBTEN UNA COTIZACI\u00d3N&#8221; _builder_version=&#8221;4.16&#8243; header_level=&#8221;h1&#8243; header_font=&#8221;||||||||&#8221; header_line_height=&#8221;1.2em&#8221; body_font=&#8221;||||||||&#8221; background_color=&#8221;#ecf7f0&#8243; background_color_gradient_direction=&#8221;330deg&#8221; background_size=&#8221;initial&#8221; background_position=&#8221;top_left&#8221; background_repeat=&#8221;repeat&#8221; custom_button=&#8221;on&#8221; button_text_color=&#8221;#ffffff&#8221; button_bg_color=&#8221;#18a74c&#8221; button_border_width=&#8221;0px&#8221; button_border_radius=&#8221;46px&#8221; button_letter_spacing=&#8221;1px&#8221; button_font=&#8221;|||on|||||&#8221; button_icon=&#8221;&#xe03c;||divi||400&#8243; button_icon_color=&#8221;#ecf7f0&#8243; background_layout=&#8221;light&#8221; custom_margin=&#8221;|||&#8221; custom_padding=&#8221;50px||50px|&#8221; border_width_bottom=&#8221;4px&#8221; border_color_bottom=&#8221;#18a74c&#8221; box_shadow_style=&#8221;preset1&#8243; box_shadow_vertical=&#8221;0px&#8221; box_shadow_blur=&#8221;12px&#8221; box_shadow_color=&#8221;rgba(0,0,0,0.22)&#8221; button_bg_color_hover=&#8221;#018935&#8243; global_colors_info=&#8221;{}&#8221; button_text_size__hover_enabled=&#8221;off&#8221; button_one_text_size__hover_enabled=&#8221;off&#8221; button_two_text_size__hover_enabled=&#8221;off&#8221; button_text_color__hover_enabled=&#8221;off&#8221; button_one_text_color__hover_enabled=&#8221;off&#8221; button_two_text_color__hover_enabled=&#8221;off&#8221; button_border_width__hover_enabled=&#8221;off&#8221; button_one_border_width__hover_enabled=&#8221;off&#8221; button_two_border_width__hover_enabled=&#8221;off&#8221; button_border_color__hover_enabled=&#8221;off&#8221; button_one_border_color__hover_enabled=&#8221;off&#8221; button_two_border_color__hover_enabled=&#8221;off&#8221; button_border_radius__hover_enabled=&#8221;off&#8221; button_one_border_radius__hover_enabled=&#8221;off&#8221; button_two_border_radius__hover_enabled=&#8221;off&#8221; button_letter_spacing__hover_enabled=&#8221;off&#8221; button_one_letter_spacing__hover_enabled=&#8221;off&#8221; button_two_letter_spacing__hover_enabled=&#8221;off&#8221; button_bg_color__hover_enabled=&#8221;on&#8221; button_bg_color__hover=&#8221;#018935&#8243; button_one_bg_color__hover_enabled=&#8221;off&#8221; button_two_bg_color__hover_enabled=&#8221;off&#8221;]<\/p>\n<h3>\u00a1Estamos aqu\u00ed para ayudarte!<\/h3>\n<div class=\"m_6830408754048177354et_pb_promo_description\">\n<p>Ll\u00e1manos u Obt\u00e9n una Cotizaci\u00f3n y te prepararemos el alquiler perfecto, al precio correcto.<\/p>\n<\/div>\n<p>[\/et_pb_cta][\/et_pb_column][\/et_pb_row][\/et_pb_section][et_pb_section fb_built=&#8221;1&#8243; _builder_version=&#8221;4.16&#8243; background_color=&#8221;#eceaed&#8221; custom_padding=&#8221;38px|0px|24px|0px&#8221; global_colors_info=&#8221;{}&#8221;][et_pb_row _builder_version=&#8221;4.16&#8243; custom_padding=&#8221;0px|0px|24.9531px|0px&#8221; global_colors_info=&#8221;{}&#8221;][et_pb_column type=&#8221;4_4&#8243; _builder_version=&#8221;4.16&#8243; custom_padding=&#8221;|||&#8221; global_colors_info=&#8221;{}&#8221; custom_padding__hover=&#8221;|||&#8221;][et_pb_text _builder_version=&#8221;4.16&#8243; text_font=&#8221;||||||||&#8221; text_line_height=&#8221;1.2em&#8221; header_font=&#8221;||||||||&#8221; global_colors_info=&#8221;{}&#8221;]<\/p>\n<h3 style=\"text-align: center;\"><strong>\u00a1Estamos orgullosos de las rese\u00f1as de nuestros clientes!<br \/> <\/strong><\/h3>\n<p style=\"text-align: center;\"><span style=\"font-size: 17px; text-align: left;\">Visite\u00a0<\/span><a style=\"font-size: 17px; text-align: left;\" title=\"Go see Yelp BBB reviews\" href=\"http:\/\/www.yelp.com\/biz\/bbb-rent-a-car-los-cabos\" target=\"_blank\" rel=\"noopener\"><strong>Yelp<\/strong><\/a><span style=\"font-size: 17px; text-align: left;\">,\u00a0\u00a0<\/span><span style=\"font-size: 17px; text-align: left;\"><strong><a title=\"Go see Google+ BBB reviews\" href=\"https:\/\/maps.google.com\/?cid=7609560591887984663\" target=\"_blank\" rel=\"noopener\">Google+<\/a><\/strong><\/span><span style=\"font-size: 17px; text-align: left;\">, o\u00a0<\/span><strong style=\"font-size: 17px; text-align: left;\"><a title=\"Go to Trip Advisor BBB reviews\" href=\"https:\/\/www.tripadvisor.com\/SearchForums?ff=83&#038;geo=150773&#038;scope=2&#038;q=bbb+rent+a+car&#038;pid=34633&#038;s=D\" target=\"_blank\" rel=\"noopener\">TripAdvisor<\/a><\/strong><span style=\"font-size: 17px; text-align: left;\">\u00a0y ve lo que dicen nuestros clientes sobre sus experiencias con <\/span><strong style=\"font-size: 17px; text-align: left;\"><span class=\"notranslate\">BBB Rent a Car<\/span>.<\/strong><\/p>\n<p>[\/et_pb_text][et_pb_slider show_pagination=&#8221;off&#8221; _builder_version=&#8221;4.16&#8243; body_line_height=&#8221;1.5em&#8221; background_color=&#8221;#ffffff&#8221; border_color_bottom=&#8221;#18a74c&#8221; box_shadow_style=&#8221;preset1&#8243; box_shadow_blur=&#8221;7px&#8221; box_shadow_color=&#8221;rgba(0,66,23,0.22)&#8221; global_colors_info=&#8221;{}&#8221; button_text_size__hover_enabled=&#8221;off&#8221; button_one_text_size__hover_enabled=&#8221;off&#8221; button_two_text_size__hover_enabled=&#8221;off&#8221; button_text_color__hover_enabled=&#8221;off&#8221; button_one_text_color__hover_enabled=&#8221;off&#8221; button_two_text_color__hover_enabled=&#8221;off&#8221; button_border_width__hover_enabled=&#8221;off&#8221; button_one_border_width__hover_enabled=&#8221;off&#8221; button_two_border_width__hover_enabled=&#8221;off&#8221; button_border_color__hover_enabled=&#8221;off&#8221; button_one_border_color__hover_enabled=&#8221;off&#8221; button_two_border_color__hover_enabled=&#8221;off&#8221; button_border_radius__hover_enabled=&#8221;off&#8221; button_one_border_radius__hover_enabled=&#8221;off&#8221; button_two_border_radius__hover_enabled=&#8221;off&#8221; button_letter_spacing__hover_enabled=&#8221;off&#8221; button_one_letter_spacing__hover_enabled=&#8221;off&#8221; button_two_letter_spacing__hover_enabled=&#8221;off&#8221; button_bg_color__hover_enabled=&#8221;off&#8221; button_one_bg_color__hover_enabled=&#8221;off&#8221; button_two_bg_color__hover_enabled=&#8221;off&#8221;][et_pb_slide _builder_version=&#8221;4.16&#8243; background_color=&#8221;#ffffff&#8221; background_layout=&#8221;light&#8221; global_colors_info=&#8221;{}&#8221; sticky_transition=&#8221;on&#8221; button_text_size__hover_enabled=&#8221;off&#8221; button_one_text_size__hover_enabled=&#8221;off&#8221; button_two_text_size__hover_enabled=&#8221;off&#8221; button_text_color__hover_enabled=&#8221;off&#8221; button_one_text_color__hover_enabled=&#8221;off&#8221; button_two_text_color__hover_enabled=&#8221;off&#8221; button_border_width__hover_enabled=&#8221;off&#8221; button_one_border_width__hover_enabled=&#8221;off&#8221; button_two_border_width__hover_enabled=&#8221;off&#8221; button_border_color__hover_enabled=&#8221;off&#8221; button_one_border_color__hover_enabled=&#8221;off&#8221; button_two_border_color__hover_enabled=&#8221;off&#8221; button_border_radius__hover_enabled=&#8221;off&#8221; button_one_border_radius__hover_enabled=&#8221;off&#8221; button_two_border_radius__hover_enabled=&#8221;off&#8221; button_letter_spacing__hover_enabled=&#8221;off&#8221; button_one_letter_spacing__hover_enabled=&#8221;off&#8221; button_two_letter_spacing__hover_enabled=&#8221;off&#8221; button_bg_color__hover_enabled=&#8221;off&#8221; button_one_bg_color__hover_enabled=&#8221;off&#8221; button_two_bg_color__hover_enabled=&#8221;off&#8221;]<\/p>\n<p><img loading=\"lazy\" decoding=\"async\" class=\"wp-image-332 alignnone size-full\" src=\"https:\/\/bbbrentacar.com\/esp\/wp-content\/uploads\/2018\/03\/google-stars.png\" alt=\"\" width=\"114\" height=\"23\"><\/p>\n<p><em>&#8220;\u00a1Qu\u00e9 negocio tan s\u00f3lido! Me cotizaron un precio muy razonable para mis familias, dos semanas en La Paz. Gary envi\u00f3 excelentes instrucciones para llegar a BBB Rent a Car. Una vez all\u00ed, todo sali\u00f3 de acuerdo con el plan, sin juegos, sin estr\u00e9s ni extras Nos entreg\u00f3 una limpia y robusta Crown Victoria y fue un placer conducirla en M\u00e9xico. \u00a1Tambi\u00e9n tiene muchos asientos para ni\u00f1o y hieleras! Gary estaba de pie, as\u00ed como todos los que interactuamos con. Al volver Sagi nos llev\u00f3 al aeropuerto r\u00e1pidamente. BBB supero y sobrepaso al encontrar una c\u00e1mara que dejamos atr\u00e1s. Creo que es fant\u00e1stica que nos hayan podido devolver la c\u00e1mara. Cada vez que regresemos a Baja California rentaremos con ellos&#8221;.<\/em><\/p>\n<p><strong>Theo<\/strong>&nbsp;(rese\u00f1a a trav\u00e9s de <a href=\"https:\/\/maps.google.com\/?cid=7609560591887984663\" target=\"_blank\" rel=\"noopener noreferrer\">Google<\/a>)&nbsp; &nbsp;\u2022<strong>&nbsp; &nbsp;<span style=\"text-decoration: underline;\"><a href=\"https:\/\/maps.google.com\/?cid=7609560591887984663\" target=\"_blank\" rel=\"noopener noreferrer\">VER TODOS LOS COMENTARIOS<\/a><\/span><\/strong><\/p>\n<p>[\/et_pb_slide][et_pb_slide use_bg_overlay=&#8221;off&#8221; use_text_overlay=&#8221;off&#8221; _builder_version=&#8221;4.16&#8243; background_color=&#8221;#ffffff&#8221; button_on_hover=&#8221;on&#8221; background_layout=&#8221;light&#8221; global_colors_info=&#8221;{}&#8221; sticky_transition=&#8221;on&#8221; button_text_size__hover_enabled=&#8221;off&#8221; button_one_text_size__hover_enabled=&#8221;off&#8221; button_two_text_size__hover_enabled=&#8221;off&#8221; button_text_color__hover_enabled=&#8221;off&#8221; button_one_text_color__hover_enabled=&#8221;off&#8221; button_two_text_color__hover_enabled=&#8221;off&#8221; button_border_width__hover_enabled=&#8221;off&#8221; button_one_border_width__hover_enabled=&#8221;off&#8221; button_two_border_width__hover_enabled=&#8221;off&#8221; button_border_color__hover_enabled=&#8221;off&#8221; button_one_border_color__hover_enabled=&#8221;off&#8221; button_two_border_color__hover_enabled=&#8221;off&#8221; button_border_radius__hover_enabled=&#8221;off&#8221; button_one_border_radius__hover_enabled=&#8221;off&#8221; button_two_border_radius__hover_enabled=&#8221;off&#8221; button_letter_spacing__hover_enabled=&#8221;off&#8221; button_one_letter_spacing__hover_enabled=&#8221;off&#8221; button_two_letter_spacing__hover_enabled=&#8221;off&#8221; button_bg_color__hover_enabled=&#8221;off&#8221; button_one_bg_color__hover_enabled=&#8221;off&#8221; button_two_bg_color__hover_enabled=&#8221;off&#8221;]<\/p>\n<p><img loading=\"lazy\" decoding=\"async\" class=\"wp-image-101 alignnone size-full\" src=\"https:\/\/bbbrentacar.com\/esp\/wp-content\/uploads\/2018\/03\/5-star.png\" alt=\"\" width=\"103\" height=\"19\"><\/p>\n<p><em>&#8220;Alquilar un Jetta con ellos fue muy f\u00e1cil, sin molestias ni cargos inesperados. Definieron claramente y simplemente explicaron todo. La informaci\u00f3n en su sitio web tambi\u00e9n fue honesta y confiable. \u00a1Definitivamente alquilar\u00edamos de aqu\u00ed otra vez! BBB Rent a Car por una experiencia agradable!&#8221;<\/em><\/p>\n<p><strong>Toni R.<\/strong> (rese\u00f1a a trav\u00e9s de <a href=\"https:\/\/www.yelp.com\/biz\/bbb-rent-a-car-los-cabos-2\" target=\"_blank\" rel=\"noopener noreferrer\">Yelp<\/a>)&nbsp; &nbsp;\u2022<strong>&nbsp; &nbsp;<span style=\"text-decoration: underline;\"><a href=\"https:\/\/www.yelp.com\/biz\/bbb-rent-a-car-los-cabos-2\" target=\"_blank\" rel=\"noopener noreferrer\">VER TODOS LOS COMENTARIOS<\/a><\/span><\/strong><\/p>\n<p>[\/et_pb_slide][\/et_pb_slider][\/et_pb_column][\/et_pb_row][\/et_pb_section]<\/p>\n","protected":false},"excerpt":{"rendered":"<p>\u00a1Estamos aqu\u00ed para ayudarte! Ll\u00e1manos u Obt\u00e9n una Cotizaci\u00f3n y te prepararemos el alquiler perfecto, al precio correcto. \u00a1Estamos orgullosos de las rese\u00f1as de nuestros clientes! Visite\u00a0Yelp,\u00a0\u00a0Google+, o\u00a0TripAdvisor\u00a0y ve lo que dicen nuestros clientes sobre sus experiencias con BBB Rent a Car. &#8220;\u00a1Qu\u00e9 negocio tan s\u00f3lido! Me cotizaron un precio muy razonable para mis familias, [&hellip;]<\/p>\n","protected":false},"author":2,"featured_media":0,"parent":0,"menu_order":0,"comment_status":"closed","ping_status":"closed","template":"","meta":{"_et_pb_use_builder":"on","_et_pb_old_content":"","_et_gb_content_width":"","footnotes":""},"class_list":["post-49","page","type-page","status-publish","hentry"],"yoast_head":"<!-- This site is optimized with the Yoast SEO plugin v27.3 - https:\/\/yoast.com\/product\/yoast-seo-wordpress\/ -->\n<title>Renta de autos para turistas<\/title>\n<meta name=\"description\" content=\"Renta de autos para turistas mexicanos: precios accesibles, seguro incluido y atenci\u00f3n en espa\u00f1ol. Ideal para viajar c\u00f3modo y sin complicaciones.\" \/>\n<meta name=\"robots\" content=\"index, follow, max-snippet:-1, max-image-preview:large, max-video-preview:-1\" \/>\n<link rel=\"canonical\" href=\"https:\/\/bbbrentacar.com\/esp\/rent-a-car\/\" \/>\n<meta property=\"og:locale\" content=\"en_US\" \/>\n<meta property=\"og:type\" content=\"article\" \/>\n<meta property=\"og:title\" content=\"Renta de autos para turistas\" \/>\n<meta property=\"og:description\" content=\"Renta de autos para turistas mexicanos: precios accesibles, seguro incluido y atenci\u00f3n en espa\u00f1ol. Ideal para viajar c\u00f3modo y sin complicaciones.\" \/>\n<meta property=\"og:url\" content=\"https:\/\/bbbrentacar.com\/esp\/rent-a-car\/\" \/>\n<meta property=\"og:site_name\" content=\"BBB Rent a Car\" \/>\n<meta property=\"article:modified_time\" content=\"2025-05-20T19:13:04+00:00\" \/>\n<meta property=\"og:image\" content=\"https:\/\/bbbrentacar.com\/esp\/wp-content\/uploads\/2018\/03\/google-stars.png\" \/>\n<meta name=\"twitter:card\" content=\"summary_large_image\" \/>\n<meta name=\"twitter:label1\" content=\"Est. reading time\" \/>\n\t<meta name=\"twitter:data1\" content=\"4 minutes\" \/>\n<script type=\"application\/ld+json\" class=\"yoast-schema-graph\">{\"@context\":\"https:\\\/\\\/schema.org\",\"@graph\":[{\"@type\":\"WebPage\",\"@id\":\"https:\\\/\\\/bbbrentacar.com\\\/esp\\\/rent-a-car\\\/\",\"url\":\"https:\\\/\\\/bbbrentacar.com\\\/esp\\\/rent-a-car\\\/\",\"name\":\"Renta de autos para turistas\",\"isPartOf\":{\"@id\":\"https:\\\/\\\/bbbrentacar.com\\\/esp\\\/#website\"},\"primaryImageOfPage\":{\"@id\":\"https:\\\/\\\/bbbrentacar.com\\\/esp\\\/rent-a-car\\\/#primaryimage\"},\"image\":{\"@id\":\"https:\\\/\\\/bbbrentacar.com\\\/esp\\\/rent-a-car\\\/#primaryimage\"},\"thumbnailUrl\":\"https:\\\/\\\/bbbrentacar.com\\\/esp\\\/wp-content\\\/uploads\\\/2018\\\/03\\\/google-stars.png\",\"datePublished\":\"2018-02-28T21:44:24+00:00\",\"dateModified\":\"2025-05-20T19:13:04+00:00\",\"description\":\"Renta de autos para turistas mexicanos: precios accesibles, seguro incluido y atenci\u00f3n en espa\u00f1ol. Ideal para viajar c\u00f3modo y sin complicaciones.\",\"breadcrumb\":{\"@id\":\"https:\\\/\\\/bbbrentacar.com\\\/esp\\\/rent-a-car\\\/#breadcrumb\"},\"inLanguage\":\"en-US\",\"potentialAction\":[{\"@type\":\"ReadAction\",\"target\":[\"https:\\\/\\\/bbbrentacar.com\\\/esp\\\/rent-a-car\\\/\"]}]},{\"@type\":\"ImageObject\",\"inLanguage\":\"en-US\",\"@id\":\"https:\\\/\\\/bbbrentacar.com\\\/esp\\\/rent-a-car\\\/#primaryimage\",\"url\":\"https:\\\/\\\/bbbrentacar.com\\\/esp\\\/wp-content\\\/uploads\\\/2018\\\/03\\\/google-stars.png\",\"contentUrl\":\"https:\\\/\\\/bbbrentacar.com\\\/esp\\\/wp-content\\\/uploads\\\/2018\\\/03\\\/google-stars.png\",\"width\":253,\"height\":51},{\"@type\":\"BreadcrumbList\",\"@id\":\"https:\\\/\\\/bbbrentacar.com\\\/esp\\\/rent-a-car\\\/#breadcrumb\",\"itemListElement\":[{\"@type\":\"ListItem\",\"position\":1,\"name\":\"Home\",\"item\":\"https:\\\/\\\/bbbrentacar.com\\\/esp\\\/\"},{\"@type\":\"ListItem\",\"position\":2,\"name\":\"Renta de autos para turistas\"}]},{\"@type\":\"WebSite\",\"@id\":\"https:\\\/\\\/bbbrentacar.com\\\/esp\\\/#website\",\"url\":\"https:\\\/\\\/bbbrentacar.com\\\/esp\\\/\",\"name\":\"BBB Rent a Car\",\"description\":\"Renta de autos en Los Cabos - Cabo San Lucas San Jose Del Cabo - Baja California Sur\",\"potentialAction\":[{\"@type\":\"SearchAction\",\"target\":{\"@type\":\"EntryPoint\",\"urlTemplate\":\"https:\\\/\\\/bbbrentacar.com\\\/esp\\\/?s={search_term_string}\"},\"query-input\":{\"@type\":\"PropertyValueSpecification\",\"valueRequired\":true,\"valueName\":\"search_term_string\"}}],\"inLanguage\":\"en-US\"}]}<\/script>\n<!-- \/ Yoast SEO plugin. -->","yoast_head_json":{"title":"Renta de autos para turistas","description":"Renta de autos para turistas mexicanos: precios accesibles, seguro incluido y atenci\u00f3n en espa\u00f1ol. Ideal para viajar c\u00f3modo y sin complicaciones.","robots":{"index":"index","follow":"follow","max-snippet":"max-snippet:-1","max-image-preview":"max-image-preview:large","max-video-preview":"max-video-preview:-1"},"canonical":"https:\/\/bbbrentacar.com\/esp\/rent-a-car\/","og_locale":"en_US","og_type":"article","og_title":"Renta de autos para turistas","og_description":"Renta de autos para turistas mexicanos: precios accesibles, seguro incluido y atenci\u00f3n en espa\u00f1ol. Ideal para viajar c\u00f3modo y sin complicaciones.","og_url":"https:\/\/bbbrentacar.com\/esp\/rent-a-car\/","og_site_name":"BBB Rent a Car","article_modified_time":"2025-05-20T19:13:04+00:00","og_image":[{"url":"https:\/\/bbbrentacar.com\/esp\/wp-content\/uploads\/2018\/03\/google-stars.png","type":"","width":"","height":""}],"twitter_card":"summary_large_image","twitter_misc":{"Est. reading time":"4 minutes"},"schema":{"@context":"https:\/\/schema.org","@graph":[{"@type":"WebPage","@id":"https:\/\/bbbrentacar.com\/esp\/rent-a-car\/","url":"https:\/\/bbbrentacar.com\/esp\/rent-a-car\/","name":"Renta de autos para turistas","isPartOf":{"@id":"https:\/\/bbbrentacar.com\/esp\/#website"},"primaryImageOfPage":{"@id":"https:\/\/bbbrentacar.com\/esp\/rent-a-car\/#primaryimage"},"image":{"@id":"https:\/\/bbbrentacar.com\/esp\/rent-a-car\/#primaryimage"},"thumbnailUrl":"https:\/\/bbbrentacar.com\/esp\/wp-content\/uploads\/2018\/03\/google-stars.png","datePublished":"2018-02-28T21:44:24+00:00","dateModified":"2025-05-20T19:13:04+00:00","description":"Renta de autos para turistas mexicanos: precios accesibles, seguro incluido y atenci\u00f3n en espa\u00f1ol. Ideal para viajar c\u00f3modo y sin complicaciones.","breadcrumb":{"@id":"https:\/\/bbbrentacar.com\/esp\/rent-a-car\/#breadcrumb"},"inLanguage":"en-US","potentialAction":[{"@type":"ReadAction","target":["https:\/\/bbbrentacar.com\/esp\/rent-a-car\/"]}]},{"@type":"ImageObject","inLanguage":"en-US","@id":"https:\/\/bbbrentacar.com\/esp\/rent-a-car\/#primaryimage","url":"https:\/\/bbbrentacar.com\/esp\/wp-content\/uploads\/2018\/03\/google-stars.png","contentUrl":"https:\/\/bbbrentacar.com\/esp\/wp-content\/uploads\/2018\/03\/google-stars.png","width":253,"height":51},{"@type":"BreadcrumbList","@id":"https:\/\/bbbrentacar.com\/esp\/rent-a-car\/#breadcrumb","itemListElement":[{"@type":"ListItem","position":1,"name":"Home","item":"https:\/\/bbbrentacar.com\/esp\/"},{"@type":"ListItem","position":2,"name":"Renta de autos para turistas"}]},{"@type":"WebSite","@id":"https:\/\/bbbrentacar.com\/esp\/#website","url":"https:\/\/bbbrentacar.com\/esp\/","name":"BBB Rent a Car","description":"Renta de autos en Los Cabos - Cabo San Lucas San Jose Del Cabo - Baja California Sur","potentialAction":[{"@type":"SearchAction","target":{"@type":"EntryPoint","urlTemplate":"https:\/\/bbbrentacar.com\/esp\/?s={search_term_string}"},"query-input":{"@type":"PropertyValueSpecification","valueRequired":true,"valueName":"search_term_string"}}],"inLanguage":"en-US"}]}},"_links":{"self":[{"href":"https:\/\/bbbrentacar.com\/esp\/wp-json\/wp\/v2\/pages\/49","targetHints":{"allow":["GET"]}}],"collection":[{"href":"https:\/\/bbbrentacar.com\/esp\/wp-json\/wp\/v2\/pages"}],"about":[{"href":"https:\/\/bbbrentacar.com\/esp\/wp-json\/wp\/v2\/types\/page"}],"author":[{"embeddable":true,"href":"https:\/\/bbbrentacar.com\/esp\/wp-json\/wp\/v2\/users\/2"}],"replies":[{"embeddable":true,"href":"https:\/\/bbbrentacar.com\/esp\/wp-json\/wp\/v2\/comments?post=49"}],"version-history":[{"count":3,"href":"https:\/\/bbbrentacar.com\/esp\/wp-json\/wp\/v2\/pages\/49\/revisions"}],"predecessor-version":[{"id":46089,"href":"https:\/\/bbbrentacar.com\/esp\/wp-json\/wp\/v2\/pages\/49\/revisions\/46089"}],"wp:attachment":[{"href":"https:\/\/bbbrentacar.com\/esp\/wp-json\/wp\/v2\/media?parent=49"}],"curies":[{"name":"wp","href":"https:\/\/api.w.org\/{rel}","templated":true}]}}